{"id":76,"date":"2021-11-04T00:09:53","date_gmt":"2021-11-04T00:09:53","guid":{"rendered":"https:\/\/simplar.atakansaracoglu.com\/?page_id=76"},"modified":"2023-07-04T20:23:49","modified_gmt":"2023-07-05T02:23:49","slug":"privacy-policy","status":"publish","type":"page","link":"https:\/\/olamtex.com\/?page_id=76","title":{"rendered":""},"content":{"rendered":"\t\t<div data-elementor-type=\"wp-page\" data-elementor-id=\"76\" class=\"elementor elementor-76\">\n\t\t\t\t\t\t<section class=\"elementor-section elementor-top-section elementor-element elementor-element-2acaddc8 elementor-section-boxed elementor-section-height-default elementor-section-height-default\" data-id=\"2acaddc8\" data-element_type=\"section\" data-e-type=\"section\">\n\t\t\t\t\t\t<div class=\"elementor-container elementor-column-gap-default\">\n\t\t\t\t\t<div class=\"elementor-column elementor-col-100 elementor-top-column elementor-element elementor-element-6bd0bbe1\" data-id=\"6bd0bbe1\" data-element_type=\"column\" data-e-type=\"column\">\n\t\t\t<div class=\"elementor-widget-wrap elementor-element-populated\">\n\t\t\t\t\t\t<div class=\"elementor-element elementor-element-36d89d8c elementor-widget elementor-widget-text-editor\" data-id=\"36d89d8c\" data-element_type=\"widget\" data-e-type=\"widget\" data-widget_type=\"text-editor.default\">\n\t\t\t\t<div class=\"elementor-widget-container\">\n\t\t\t\t\t\t\t\t\t<p style=\"text-align: justify;\">\u00a0<\/p><p class=\"MsoNormal\" style=\"text-align: center;\" align=\"center\"><b><span style=\"font-size: 12.0pt; line-height: 107%; mso-bidi-font-family: Calibri; mso-bidi-theme-font: minor-latin;\">Aviso de Protecci\u00f3n de datos y privacidad<\/span><\/b><\/p><p style=\"text-align: justify;\"><span style=\"font-size: 12.0pt; line-height: 107%; mso-bidi-font-family: Calibri; mso-bidi-theme-font: minor-latin;\">\u00a0<\/span><\/p><p style=\"text-align: justify;\"><span style=\"font-size: 12.0pt; line-height: 107%; mso-bidi-font-family: Calibri; mso-bidi-theme-font: minor-latin;\">Olamtex S.A. de C.V., empresa dedicada a la elaboraci\u00f3n de productos y piezas de pl\u00e1stico, entre otras actividades, con domicilio en Avenida del Agave 205, colonia Santa Clara, en Santiago Miahuatl\u00e1n, Puebla, C.P 75820, M\u00e9xico y portal de internet <\/span><a href=\"https:\/\/olamtex.com\/\"><span style=\"font-size: 12.0pt; line-height: 107%;\">https:\/\/olamtex.com<\/span><\/a><span style=\"font-size: 12.0pt; line-height: 107%; mso-bidi-font-family: Calibri; mso-bidi-theme-font: minor-latin;\"> es el responsable del uso y protecci\u00f3n de sus datos personales y al respecto le informamos lo siguiente: <\/span><\/p><p style=\"text-align: justify;\"><span style=\"font-size: 12.0pt; line-height: 107%; mso-bidi-font-family: Calibri; mso-bidi-theme-font: minor-latin;\">Tomamos muy en serio la protecci\u00f3n de sus datos personales, utilizando su informaci\u00f3n y datos personal con un especial cuidado y estrictamente bajo los lineamientos de la <\/span><a href=\"https:\/\/www.diputados.gob.mx\/LeyesBiblio\/pdf\/LFPDPPP.pdf\"><span style=\"font-size: 12.0pt; line-height: 107%;\">Ley Federal de Protecci\u00f3n de datos en posesi\u00f3n de los Particulares<\/span><\/a><span style=\"font-size: 12.0pt; line-height: 107%; mso-bidi-font-family: Calibri; mso-bidi-theme-font: minor-latin;\">.<\/span><\/p><p style=\"text-align: justify;\"><span style=\"font-size: 12.0pt; line-height: 107%; mso-bidi-font-family: Calibri; mso-bidi-theme-font: minor-latin;\">En este apartado se le informa de los aspectos relevantes acerca del procesamiento de sus datos relacionados con nuestra pagina Web. <\/span><\/p><p style=\"text-align: justify;\"><b><span style=\"font-size: 12.0pt; line-height: 107%; mso-bidi-font-family: Calibri; mso-bidi-theme-font: minor-latin;\">\u00a0<\/span><\/b><\/p><p style=\"text-align: justify;\"><b><span style=\"font-size: 12.0pt; line-height: 107%; mso-bidi-font-family: Calibri; mso-bidi-theme-font: minor-latin;\">Uso de datos<\/span><\/b><\/p><p style=\"text-align: justify;\"><span style=\"font-size: 12.0pt; line-height: 107%; mso-bidi-font-family: Calibri; mso-bidi-theme-font: minor-latin;\">Entre los datos personales que ocuparemos de usted, puede estar su nombre y apellido, nombre y direcci\u00f3n de su empresa, direcci\u00f3n de su correo electr\u00f3nico y su n\u00famero de tel\u00e9fono, datos que usted mismo proporciona a trav\u00e9s del llenado del formulario de contacto en nuestra p\u00e1gina Web. Tambi\u00e9n cuando los visitantes dejan comentarios en el sitio, adicional a los datos del formulario, recopilamos la direcci\u00f3n IP del visitante y la cadena del agente de usuario del navegador para ayudar a la detecci\u00f3n de spam. <\/span><\/p><p style=\"text-align: justify;\"><span style=\"font-size: 12.0pt; line-height: 107%; mso-bidi-font-family: Calibri; mso-bidi-theme-font: minor-latin;\">Sus datos ser\u00e1n utilizados para procesar su solicitud, as\u00ed como para dar respuesta a cualquier pregunta que pudi\u00e9ramos tener sobre sus requerimientos espec\u00edficos. Sus datos, podr\u00e1n tambi\u00e9n ser utilizados para en su caso, realizar un contrato o acuerdos comerciales entre nuestra empresa y la suya, sin embargo y en ese caso, no ser\u00e1n utilizados sin su previa autorizaci\u00f3n por escrito. <\/span><\/p><p style=\"text-align: justify;\"><span style=\"font-size: 12.0pt; line-height: 107%; mso-bidi-font-family: Calibri; mso-bidi-theme-font: minor-latin;\">En caso de que no desee que sus datos personales sean tratados para estos fines secundarios, desde este momento usted nos puede comunicar lo anterior enviando un correo electr\u00f3nico a: <\/span><a href=\"mailto:admon@olamtex.com\"><span style=\"font-size: 12.0pt; line-height: 107%;\">admon@olamtex.com<\/span><\/a><\/p><p style=\"text-align: justify;\"><span style=\"font-size: 12.0pt; line-height: 107%; mso-bidi-font-family: Calibri; mso-bidi-theme-font: minor-latin;\">La negativa para el uso de sus datos personales para estas finalidades no podr\u00e1 ser un motivo para que le neguemos los servicios y productos que solicita o contrata con nosotros.<\/span><\/p><p style=\"text-align: justify;\"><b><span style=\"font-size: 12.0pt; line-height: 107%; mso-bidi-font-family: Calibri; mso-bidi-theme-font: minor-latin;\">Medios de comunicaci\u00f3n<\/span><\/b><\/p><p style=\"text-align: justify;\"><span style=\"font-size: 12.0pt; line-height: 107%; mso-bidi-font-family: Calibri; mso-bidi-theme-font: minor-latin;\">Si sube im\u00e1genes a nuestro sitio web, debe evitar subir im\u00e1genes con datos de ubicaci\u00f3n incrustados (GPS EXIF) incluidos. Ya que, los visitantes del sitio web pueden descargar y extraer cualquier dato de ubicaci\u00f3n de las im\u00e1genes del sitio. <b><\/b><\/span><\/p><p style=\"text-align: justify;\"><b><span style=\"font-size: 12.0pt; line-height: 107%; mso-bidi-font-family: Calibri; mso-bidi-theme-font: minor-latin;\">Cookies<\/span><\/b><\/p><p style=\"text-align: justify;\"><span style=\"font-size: 12.0pt; line-height: 107%; mso-bidi-font-family: Calibri; mso-bidi-theme-font: minor-latin;\">Si usted deja un comentario en nuestro sitio web, si lo desea, puede optar por guardar su nombre, direcci\u00f3n de correo electr\u00f3nico y sitio web en \u201ccookies\u201d. Esto es para su comodidad, y que, en ese caso, no tenga que volver a rellenar sus datos cuando deje otro comentario. Estas cookies tendr\u00e1n una duraci\u00f3n de un a\u00f1o.\u00a0 <b><\/b><\/span><\/p><p style=\"text-align: justify;\"><b><span style=\"font-size: 12.0pt; line-height: 107%; mso-bidi-font-family: Calibri; mso-bidi-theme-font: minor-latin;\">Contenido incrustado de otros sitios web<\/span><\/b><\/p><p style=\"text-align: justify;\"><span style=\"font-size: 12.0pt; line-height: 107%; mso-bidi-font-family: Calibri; mso-bidi-theme-font: minor-latin;\">Los art\u00edculos de este sitio pueden incluir contenido incrustado, por ejemplo, videos, im\u00e1genes, art\u00edculos, etc. El contenido incrustado de otros sitios web se comporta exactamente de la misma manera que si el visitante hubiera visitado el otro sitio web. Estos sitios web, pueden recopilar datos sobre usted, usar cookies, incrustar un seguimiento adicional de terceros y monitorear su interacci\u00f3n con ese contenido incrustado, incluido el seguimiento de su interacci\u00f3n con el contenido incrustado si tiene cuenta y ha iniciado sesi\u00f3n en ese sitio web.<\/span><\/p><p style=\"text-align: justify;\"><b><span style=\"font-size: 12.0pt; line-height: 107%; mso-bidi-font-family: Calibri; mso-bidi-theme-font: minor-latin;\">Tiempo que conservamos sus datos<\/span><\/b><\/p><p style=\"text-align: justify;\"><span style=\"font-size: 12.0pt; line-height: 107%; mso-bidi-font-family: Calibri; mso-bidi-theme-font: minor-latin;\">Si usted deja un comentario, el comentario y sus metadatos se conservan indefinidamente. Esto es para que podamos reconocer y aprobar cualquier comentario de seguimiento autom\u00e1ticamente en lugar de mantenerlos en una cola de moderaci\u00f3n.<\/span><\/p><p style=\"text-align: justify;\"><span style=\"font-size: 12.0pt; line-height: 107%; mso-bidi-font-family: Calibri; mso-bidi-theme-font: minor-latin;\">Los datos de contacto de la persona o departamento de datos personales, que est\u00e1 a cargo de dar tr\u00e1mite a las solicitudes, son los siguientes: <\/span><\/p><p style=\"text-align: justify; text-indent: -18.0pt; mso-list: l0 level1 lfo1;\"><!-- [if !supportLists]--><span style=\"font-size: 12.0pt; line-height: 107%; mso-bidi-font-family: Calibri; mso-bidi-theme-font: minor-latin;\">a)<span style=\"font-variant-numeric: normal; font-variant-east-asian: normal; font-variant-alternates: normal; font-kerning: auto; font-optical-sizing: auto; font-feature-settings: normal; font-variation-settings: normal; font-stretch: normal; font-size: 7pt; line-height: normal; font-family: 'Times New Roman';\">\u00a0\u00a0\u00a0\u00a0 <\/span><\/span><!--[endif]--><span style=\"font-size: 12.0pt; line-height: 107%; mso-bidi-font-family: Calibri; mso-bidi-theme-font: minor-latin;\">Nombre de la persona a cargo de datos personales: Higinio Atlahua Temoxtle. Domicilio: Avenida del Agave 205, colonia Santa Clara, Ciudad Santiago Miahuatl\u00e1n, C.P. 75820, en la entidad de Puebla, M\u00e9xico.<\/span><\/p><p style=\"text-align: justify; text-indent: -18.0pt; mso-list: l0 level1 lfo1;\"><!-- [if !supportLists]--><span style=\"font-size: 12.0pt; line-height: 107%; mso-bidi-font-family: Calibri; mso-bidi-theme-font: minor-latin;\">b)<span style=\"font-variant-numeric: normal; font-variant-east-asian: normal; font-variant-alternates: normal; font-kerning: auto; font-optical-sizing: auto; font-feature-settings: normal; font-variation-settings: normal; font-stretch: normal; font-size: 7pt; line-height: normal; font-family: 'Times New Roman';\">\u00a0\u00a0\u00a0\u00a0 <\/span><\/span><!--[endif]--><span style=\"font-size: 12.0pt; line-height: 107%; mso-bidi-font-family: Calibri; mso-bidi-theme-font: minor-latin;\">Correo electr\u00f3nico: <\/span><a href=\"mailto:admon@olamtex.com\"><span style=\"font-size: 12.0pt; line-height: 107%;\">admon@olamtex.com<\/span><\/a><\/p><p style=\"text-align: justify; text-indent: -18.0pt; mso-list: l0 level1 lfo1;\"><!-- [if !supportLists]--><span style=\"font-size: 12.0pt; line-height: 107%; mso-bidi-font-family: Calibri; mso-bidi-theme-font: minor-latin;\">c)<span style=\"font-variant-numeric: normal; font-variant-east-asian: normal; font-variant-alternates: normal; font-kerning: auto; font-optical-sizing: auto; font-feature-settings: normal; font-variation-settings: normal; font-stretch: normal; font-size: 7pt; line-height: normal; font-family: 'Times New Roman';\">\u00a0\u00a0\u00a0\u00a0 <\/span><\/span><!--[endif]--><span style=\"font-size: 12.0pt; line-height: 107%; mso-bidi-font-family: Calibri; mso-bidi-theme-font: minor-latin;\">N\u00famero telef\u00f3nico: 52 (238) 392 8025 <\/span><\/p><p style=\"text-align: justify;\"><span style=\"font-size: 12.0pt; line-height: 107%; mso-bidi-font-family: Calibri; mso-bidi-theme-font: minor-latin;\">\u00a0<\/span><\/p><p style=\"text-align: justify;\"><b><span style=\"font-size: 12.0pt; line-height: 107%; mso-bidi-font-family: Calibri; mso-bidi-theme-font: minor-latin;\">Revocar el consentimiento para el tratamiento de sus datos personales<\/span><\/b><\/p><p style=\"text-align: justify;\"><span style=\"font-size: 12.0pt; line-height: 107%; mso-bidi-font-family: Calibri; mso-bidi-theme-font: minor-latin;\">Usted tambi\u00e9n puede revocar el consentimiento que, en su caso, nos haya otorgado para el tratamiento de sus datos personales. <\/span><\/p><p style=\"text-align: justify;\"><span style=\"font-size: 12.0pt; line-height: 107%; mso-bidi-font-family: Calibri; mso-bidi-theme-font: minor-latin;\">Para revocar su consentimiento deber\u00e1 presentar su solicitud a trav\u00e9s de los siguientes medios:<\/span><\/p><p style=\"text-align: justify; text-indent: -18.0pt; mso-list: l1 level1 lfo2;\"><!-- [if !supportLists]--><span style=\"font-size: 12.0pt; line-height: 107%; mso-bidi-font-family: Calibri; mso-bidi-theme-font: minor-latin;\">a)<span style=\"font-variant-numeric: normal; font-variant-east-asian: normal; font-variant-alternates: normal; font-kerning: auto; font-optical-sizing: auto; font-feature-settings: normal; font-variation-settings: normal; font-stretch: normal; font-size: 7pt; line-height: normal; font-family: 'Times New Roman';\">\u00a0\u00a0\u00a0\u00a0 <\/span><\/span><!--[endif]--><span style=\"font-size: 12.0pt; line-height: 107%; mso-bidi-font-family: Calibri; mso-bidi-theme-font: minor-latin;\">Llamando al n\u00famero telef\u00f3nico 52 (238) 392 8025 <\/span><\/p><p style=\"text-align: justify; text-indent: -18.0pt; mso-list: l1 level1 lfo2;\"><!-- [if !supportLists]--><span style=\"font-size: 12.0pt; line-height: 107%; mso-bidi-font-family: Calibri; mso-bidi-theme-font: minor-latin;\">b)<span style=\"font-variant-numeric: normal; font-variant-east-asian: normal; font-variant-alternates: normal; font-kerning: auto; font-optical-sizing: auto; font-feature-settings: normal; font-variation-settings: normal; font-stretch: normal; font-size: 7pt; line-height: normal; font-family: 'Times New Roman';\">\u00a0\u00a0\u00a0\u00a0 <\/span><\/span><!--[endif]--><span style=\"font-size: 12.0pt; line-height: 107%; mso-bidi-font-family: Calibri; mso-bidi-theme-font: minor-latin;\">Enviando un correo electr\u00f3nico a la direcci\u00f3n: <\/span><a href=\"mailto:admon@olamtex.com\"><span style=\"font-size: 12.0pt; line-height: 107%;\">admon@olamtex.com<\/span><\/a><\/p><p style=\"text-align: justify;\"><span style=\"font-size: 12.0pt; line-height: 107%; mso-bidi-font-family: Calibri; mso-bidi-theme-font: minor-latin;\">Sin embargo, es importante que tenga en cuenta que no en todos los casos podremos atender su solicitud o concluir el uso de forma inmediata, ya que es posible que por alguna obligaci\u00f3n legal requiramos seguir tratando sus datos personales. Asimismo, usted deber\u00e1 considerar que, para ciertos fines, la revocaci\u00f3n de su consentimiento implicar\u00e1 que no le podamos seguir prestando el servicio que nos solicit\u00f3, o la conclusi\u00f3n de su relaci\u00f3n con nosotros.<\/span><\/p><p style=\"text-align: justify;\"><b><span style=\"font-size: 12.0pt; line-height: 107%; mso-bidi-font-family: Calibri; mso-bidi-theme-font: minor-latin;\">\u00a0<\/span><\/b><\/p><p style=\"text-align: justify;\"><b><span style=\"font-size: 12.0pt; line-height: 107%; mso-bidi-font-family: Calibri; mso-bidi-theme-font: minor-latin;\">Para conocer los cambios en este aviso de privacidad<\/span><\/b><\/p><p style=\"text-align: justify;\"><span style=\"font-size: 12.0pt; line-height: 107%; mso-bidi-font-family: Calibri; mso-bidi-theme-font: minor-latin;\">El presente aviso de privacidad puede sufrir modificaciones, cambios o actualizaciones derivadas de nuevos requerimientos legales; de nuestras propias necesidades por los productos o servicios que ofrecemos; de nuestras pr\u00e1cticas de privacidad; de cambios en nuestro modelo de negocio, o por otras causas.<\/span><\/p><p style=\"text-align: justify;\">\u00a0<\/p><p style=\"text-align: justify;\"><span style=\"font-size: 12.0pt; line-height: 107%; mso-bidi-font-family: Calibri; mso-bidi-theme-font: minor-latin;\">Nos<br \/>comprometemos a mantenerlo informado sobre los cambios que pueda sufrir el<br \/>presente aviso de privacidad, a trav\u00e9s de nuestra p\u00e1gina web: <\/span><a href=\"https:\/\/olamtex.com\/\"><span style=\"font-size: 12.0pt; line-height: 107%;\">https:\/\/olamtex.com<\/span><\/a><\/p>\t\t\t\t\t\t\t\t<\/div>\n\t\t\t\t<\/div>\n\t\t\t\t\t<\/div>\n\t\t<\/div>\n\t\t\t\t\t<\/div>\n\t\t<\/section>\n\t\t\t\t<\/div>\n\t\t","protected":false},"excerpt":{"rendered":"<p>Aviso de Protecci\u00f3n de datos y privacidad Olamtex S.A. de C.V., empresa dedicada a la elaboraci\u00f3n de productos y piezas de pl\u00e1stico, entre otras actividades, con domicilio en Avenida del Agave 205, colonia Santa Clara, en Santiago Miahuatl\u00e1n, Puebla, C.P 75820, M\u00e9xico y portal de internet https:\/\/olamtex.com es el responsable del uso y protecci\u00f3n de [&hellip;]<\/p>\n","protected":false},"author":1,"featured_media":0,"parent":0,"menu_order":0,"comment_status":"closed","ping_status":"closed","template":"","meta":{"footnotes":""},"class_list":["post-76","page","type-page","status-publish","hentry"],"_links":{"self":[{"href":"https:\/\/olamtex.com\/index.php?rest_route=\/wp\/v2\/pages\/76","targetHints":{"allow":["GET"]}}],"collection":[{"href":"https:\/\/olamtex.com\/index.php?rest_route=\/wp\/v2\/pages"}],"about":[{"href":"https:\/\/olamtex.com\/index.php?rest_route=\/wp\/v2\/types\/page"}],"author":[{"embeddable":true,"href":"https:\/\/olamtex.com\/index.php?rest_route=\/wp\/v2\/users\/1"}],"replies":[{"embeddable":true,"href":"https:\/\/olamtex.com\/index.php?rest_route=%2Fwp%2Fv2%2Fcomments&post=76"}],"version-history":[{"count":12,"href":"https:\/\/olamtex.com\/index.php?rest_route=\/wp\/v2\/pages\/76\/revisions"}],"predecessor-version":[{"id":2501,"href":"https:\/\/olamtex.com\/index.php?rest_route=\/wp\/v2\/pages\/76\/revisions\/2501"}],"wp:attachment":[{"href":"https:\/\/olamtex.com\/index.php?rest_route=%2Fwp%2Fv2%2Fmedia&parent=76"}],"curies":[{"name":"wp","href":"https:\/\/api.w.org\/{rel}","templated":true}]}}